{"id":227,"date":"2017-03-13T10:44:30","date_gmt":"2017-03-13T13:44:30","guid":{"rendered":"http:\/\/www.cafegranchelli.com\/?page_id=227"},"modified":"2022-03-08T13:15:08","modified_gmt":"2022-03-08T16:15:08","slug":"cafe-granchelli","status":"publish","type":"page","link":"https:\/\/www.cafegranchelli.com\/es\/cafe-granchelli\/","title":{"rendered":"Qualidade"},"content":{"rendered":"<p>[vc_row dt_no_mb=\u00bbno-margin\u00bb bg_color=\u00bb#ffffff\u00bb dt_color_opacity=\u00bb100&#8243; dt_padding_top=\u00bb100&#8243; dt_padding_bottom=\u00bb100&#8243; dt_id=\u00bbjournal\u00bb][vc_column][vc_single_image image=\u00bb230&#8243; img_size=\u00bbfull\u00bb alignment=\u00bbcenter\u00bb][vc_row_inner][vc_column_inner]<div style=\"clear:both; width:100%; height:80px\"><\/div><div class=\"dt-title-wrapper\"><h1 class=\"section-title\">TRADICI\u00d3N<\/h1><\/div><div style=\"clear:both; width:100%; height:40px\"><\/div>[vc_column_text]La familia Granchelli por generaciones, se ha dedicado al cultivo de la tierra y la producci\u00f3n de caf\u00e9. Desde principios del siglo XX, el inmigrante portugu\u00e9s Manoel Ferreira y su esposa Mar\u00eda Ferreira Rando conquistan vastas \u00e1reas de tierra en una regi\u00f3n altamente productiva, com vocaci\u00f3n para la agricultura. Se inici\u00f3 all\u00ed una b\u00fasqueda constante de la mejora gen\u00e9tica y avances tecnol\u00f3gicos para la producci\u00f3n de caf\u00e9. El esp\u00edritu pionero, empresarial y el enfoque en la calidad, todav\u00eda est\u00e1n vivos hoy en la sangre de sus descendientes.<br \/>\nEs el amor a la tierra y la pasi\u00f3n por el caf\u00e9 que hacen de esta familia a d\u00eda de hoy, un referente de calidad y productividad en el sector.[\/vc_column_text][\/vc_column_inner][\/vc_row_inner]<div style=\"clear:both; width:100%; height:70px\"><\/div>[vc_single_image image=\u00bb244&#8243; img_size=\u00bbfull\u00bb alignment=\u00bbcenter\u00bb][\/vc_column][\/vc_row][vc_row content_placement=\u00bbbottom\u00bb dt_bg_repeat=\u00bbno-repeat\u00bb dt_no_mb=\u00bbno-margin\u00bb dt_color_opacity=\u00bb100&#8243; dt_padding_top=\u00bb150&#8243; dt_padding_bottom=\u00bb150&#8243; bg_image=\u00bb252&#8243; dt_parallax_inertia=\u00bb0.3&#8243;][vc_column][\/vc_column][\/vc_row][vc_row dt_no_mb=\u00bbno-margin\u00bb bg_color=\u00bb#ffffff\u00bb dt_color_opacity=\u00bb100&#8243; dt_padding_top=\u00bb100&#8243; dt_padding_bottom=\u00bb100&#8243; dt_id=\u00bbjournal\u00bb][vc_column][vc_row_inner][vc_column_inner]<div style=\"clear:both; width:100%; height:80px\"><\/div><div class=\"dt-title-wrapper\"><h1 class=\"section-title\"> CAPACIDAD DE PRODUCCI\u00d3N<\/h1><\/div><div style=\"clear:both; width:100%; height:40px\"><\/div>[vc_column_text]<\/p>\n<div class=\"textos\">\n<div align=\"justify\">Estrat\u00e9gicamente ubicado en el centro de uma zona de cafetales de m\u00e1s de 30 mil hect\u00e1reas, Caf\u00e9s Granchelli tiene una capacidad anual de comercializaci\u00f3n de m\u00e1s de 30 mil sacos de caf\u00e9 em granos. Estas impresionantes cifras han ido creciendo cada a\u00f1o gracias a la incorporaci\u00f3n de nuevas tecnolog\u00edas por productores en la gesti\u00f3n de los cultivos y la cuidadosa selecci\u00f3n de las pl\u00e1ntulas.<\/div>\n<\/div>\n<p>[\/vc_column_text][\/vc_column_inner][\/vc_row_inner]<div style=\"clear:both; width:100%; height:70px\"><\/div>[vc_single_image image=\u00bb244&#8243; img_size=\u00bbfull\u00bb alignment=\u00bbcenter\u00bb][\/vc_column][\/vc_row][vc_row content_placement=\u00bbbottom\u00bb dt_bg_repeat=\u00bbno-repeat\u00bb dt_no_mb=\u00bbno-margin\u00bb dt_color_opacity=\u00bb100&#8243; dt_padding_top=\u00bb150&#8243; dt_padding_bottom=\u00bb150&#8243; bg_image=\u00bb597&#8243; dt_parallax_inertia=\u00bb0.3&#8243;][vc_column][\/vc_column][\/vc_row][vc_row dt_no_mb=\u00bbno-margin\u00bb bg_color=\u00bb#ffffff\u00bb dt_color_opacity=\u00bb100&#8243; dt_padding_top=\u00bb100&#8243; dt_padding_bottom=\u00bb100&#8243; dt_id=\u00bbjournal\u00bb][vc_column][vc_row_inner][vc_column_inner]<div style=\"clear:both; width:100%; height:80px\"><\/div><div class=\"dt-title-wrapper\"><h1 class=\"section-title\"> REGI\u00d3N PRIVILEGIADA<\/h1><\/div><div style=\"clear:both; width:100%; height:40px\"><\/div>[vc_column_text]Brasil es el mayor productor de caf\u00e9 del mundo y la regi\u00f3n de Gar\u00e7a donde se encuentra Caf\u00e9s Granchelli, tiene uno de los parques m\u00e1s grandes de caf\u00e9 en el pa\u00eds. Con una altitud media de 680m, temperaturas entre 17,8 \u00b0 C y 28,5 \u00b0 C durante el per\u00edodo de cosecha y precipitaciones en torno de 1.280mm \/ a\u00f1o la regi\u00f3n se reconoce como productora de uno de los mejores tipos de caf\u00e9 en el mundo, present\u00e1ndose en blends de bebidas en todo el mundo.[\/vc_column_text]<div style=\"clear:both; width:100%; height:70px\"><\/div>[\/vc_column_inner][\/vc_row_inner][vc_single_image image=\u00bb244&#8243; img_size=\u00bbfull\u00bb alignment=\u00bbcenter\u00bb][\/vc_column][\/vc_row][vc_row content_placement=\u00bbbottom\u00bb dt_bg_repeat=\u00bbno-repeat\u00bb dt_no_mb=\u00bbno-margin\u00bb dt_color_opacity=\u00bb100&#8243; dt_padding_top=\u00bb150&#8243; dt_padding_bottom=\u00bb150&#8243; bg_image=\u00bb257&#8243; dt_parallax_inertia=\u00bb0.3&#8243;][vc_column][\/vc_column][\/vc_row][vc_row dt_no_mb=\u00bbno-margin\u00bb bg_color=\u00bb#ffffff\u00bb dt_color_opacity=\u00bb100&#8243; dt_padding_top=\u00bb100&#8243; dt_padding_bottom=\u00bb100&#8243; dt_id=\u00bbjournal\u00bb][vc_column][vc_row_inner][vc_column_inner]<div style=\"clear:both; width:100%; height:80px\"><\/div><div class=\"dt-title-wrapper\"><h1 class=\"section-title\">MERCADO EXTRANJERO<\/h1><\/div><div style=\"clear:both; width:100%; height:40px\"><\/div>[vc_column_text]Por los cuidados en la producci\u00f3n la calidad alcanzada del caf\u00e9 Ar\u00e1bica producido en la regi\u00f3n de Gar\u00e7a, hace que sea uno de los m\u00e1s buscados, especialmente por su elevada dulzura proveniente de los granos amarillos (Icat\u00fa). Alcanzando las clasificaciones internacionales Fine Cup, Good Cup y Caf\u00e9s Especiales, esta bebida atiende a los m\u00e1s exigentes paladares.<br \/>\nGranchelli produce y comercializa en Brasil, el caf\u00e9 que el mundo busca, concentr\u00e1ndose en la producci\u00f3n de bebidas finas para p\u00fablicos diferenciados con un alto nivel de exigencia en sus h\u00e1bitos de consumo.[\/vc_column_text]<div style=\"clear:both; width:100%; height:70px\"><\/div>[\/vc_column_inner][\/vc_row_inner][vc_single_image image=\u00bb244&#8243; img_size=\u00bbfull\u00bb alignment=\u00bbcenter\u00bb][\/vc_column][\/vc_row]<\/p>","protected":false},"excerpt":{"rendered":"<p>[vc_row dt_no_mb=\u00bbno-margin\u00bb bg_color=\u00bb#ffffff\u00bb dt_color_opacity=\u00bb100&#8243; dt_padding_top=\u00bb100&#8243; dt_padding_bottom=\u00bb100&#8243; dt_id=\u00bbjournal\u00bb][vc_column][vc_single_image image=\u00bb230&#8243; img_size=\u00bbfull\u00bb alignment=\u00bbcenter\u00bb][vc_row_inner][vc_column_inner][vc_column_text]La familia Granchelli por generaciones, se ha dedicado al cultivo de la tierra y la producci\u00f3n&#8230;<\/p>\n<p class=\"readmore\"><a class=\"more-btn\" href=\"https:\/\/www.cafegranchelli.com\/es\/cafe-granchelli\/\">Read More<\/a><\/p>\n","protected":false},"author":1,"featured_media":0,"parent":0,"menu_order":0,"comment_status":"closed","ping_status":"closed","template":"template-homepage.php","meta":{"footnotes":""},"_links":{"self":[{"href":"https:\/\/www.cafegranchelli.com\/es\/wp-json\/wp\/v2\/pages\/227"}],"collection":[{"href":"https:\/\/www.cafegranchelli.com\/es\/wp-json\/wp\/v2\/pages"}],"about":[{"href":"https:\/\/www.cafegranchelli.com\/es\/wp-json\/wp\/v2\/types\/page"}],"author":[{"embeddable":true,"href":"https:\/\/www.cafegranchelli.com\/es\/wp-json\/wp\/v2\/users\/1"}],"replies":[{"embeddable":true,"href":"https:\/\/www.cafegranchelli.com\/es\/wp-json\/wp\/v2\/comments?post=227"}],"version-history":[{"count":50,"href":"https:\/\/www.cafegranchelli.com\/es\/wp-json\/wp\/v2\/pages\/227\/revisions"}],"predecessor-version":[{"id":669,"href":"https:\/\/www.cafegranchelli.com\/es\/wp-json\/wp\/v2\/pages\/227\/revisions\/669"}],"wp:attachment":[{"href":"https:\/\/www.cafegranchelli.com\/es\/wp-json\/wp\/v2\/media?parent=227"}],"curies":[{"name":"wp","href":"https:\/\/api.w.org\/{rel}","templated":true}]}}