{"id":82,"date":"2014-03-06T13:59:56","date_gmt":"2014-03-06T13:59:56","guid":{"rendered":"http:\/\/demo.deliciousthemes.com\/patti\/?page_id=82"},"modified":"2024-08-27T10:05:05","modified_gmt":"2024-08-27T13:05:05","slug":"homepage","status":"publish","type":"page","link":"https:\/\/www.cafegranchelli.com\/en\/","title":{"rendered":"Home"},"content":{"rendered":"<p>[vc_row dt_no_mb=&#8221;no-margin&#8221; bg_color=&#8221;#ffffff&#8221;][vc_column][rev_slider_vc alias=&#8221;fullscreen-image-slider_en&#8221;][\/vc_column][\/vc_row][vc_row dt_no_mb=&#8221;no-margin&#8221; bg_color=&#8221;#fafafa&#8221; dt_padding_top=&#8221;100&#8243; dt_padding_bottom=&#8221;100&#8243; dt_id=&#8221;about&#8221;][vc_column width=&#8221;1\/6&#8243;][\/vc_column][vc_column width=&#8221;1\/3&#8243;]<div class=\"dt-title-wrapper\"><h1 class=\"section-title\">PREMIUM COFFEE, GROWN IN BRAZIL'S NOBLEEST REGION<\/h1><\/div><div style=\"clear:both; width:100%; height:60px\"><\/div>[vc_column_text]<\/p>\n<p align=\"justify\">Cultivated in the subtropical region of Brazil, with well-defined seasons (rainy summer and dry winter), the climate and topography of the Gar\u00e7a region, state of S\u00e3o Paulo, associated with good management practices by coffee growers, give Caf\u00e9 Granchelli the characterization of fine drink (Fine Cup), with a pleasant, smooth and sweet aroma and flavor, which can be enjoyed without the addition of sugar.<\/p>\n<p align=\"justify\">Caf\u00e9 Granchelli, valuing good traditions and always innovating!<\/p>\n<p>[\/vc_column_text][vc_btn title=&#8221;read more&#8221; link=&#8221;url:https%3A%2F%2Fwww.cafegranchelli.com%2Fqualidade%2F||&#8221;][\/vc_column][vc_column width=&#8221;1\/3&#8243;][vc_single_image image=&#8221;276&#8243; img_size=&#8221;full&#8221;][\/vc_column][vc_column width=&#8221;1\/6&#8243;][\/vc_column][\/vc_row][vc_row dt_no_mb=&#8221;no-margin&#8221; bg_color=&#8221;#ffffff&#8221; dt_padding_top=&#8221;100&#8243; dt_padding_bottom=&#8221;100&#8243;][vc_column][vc_single_image image=&#8221;230&#8243; img_size=&#8221;full&#8221;][vc_row_inner][vc_column_inner]<div style=\"clear:both; width:100%; height:60px\"><\/div><div class=\"dt-title-wrapper\"><h1 class=\"section-title\">100% ARABIC QUALITY<\/h1><\/div>[\/vc_column_inner][\/vc_row_inner]<div style=\"clear:both; width:100%; height:60px\"><\/div>[vc_row_inner][vc_column_inner css_animation=&#8221;bottom-to-top&#8221;][vc_column_text]Recognized worldwide for its quality, Caf\u00e9 Granchelli is composed exclusively of Arabica beans, which serve as a blend in the composition of coffees around the world.<\/p>\n<p>Among the varieties of Arabica coffees, there are Icatu Amarelo, Ouro Verde (yellow), Obat\u00e3 (red), Mundo Novo (red) among other of the main and most productive varieties, giving the drink the characteristics: dark chocolate, caramel, Dried fruits with present and balanced body with soft acidity, translating a uniformity and a longer \u201cpous gusto\u201d.[\/vc_column_text][\/vc_column_inner][\/vc_row_inner][vc_row_inner][vc_column_inner css_animation=&#8221;bottom-to-top&#8221;][\/vc_column_inner][\/vc_row_inner][vc_row_inner][vc_column_inner width=&#8221;1\/2&#8243; css_animation=&#8221;bottom-to-top&#8221;][vc_single_image image=&#8221;286&#8243; img_size=&#8221;full&#8221;][\/vc_column_inner][vc_column_inner width=&#8221;1\/2&#8243;][vc_single_image image=&#8221;287&#8243; img_size=&#8221;full&#8221;][\/vc_column_inner][\/vc_row_inner][vc_row_inner][vc_column_inner]<div style=\"clear:both; width:100%; height:60px\"><\/div>[vc_single_image image=&#8221;244&#8243; img_size=&#8221;full&#8221; alignment=&#8221;center&#8221;][\/vc_column_inner][\/vc_row_inner][\/vc_column][\/vc_row][vc_row dt_no_mb=&#8221;no-margin&#8221; bg_color=&#8221;#000000&#8243; dt_color_opacity=&#8221;0&#8243; dt_padding_top=&#8221;100&#8243; dt_padding_bottom=&#8221;100&#8243;][vc_column][vc_single_image image=&#8221;297&#8243; img_size=&#8221;full&#8221;]<div style=\"clear:both; width:100%; height:60px\"><\/div>[vc_row_inner][vc_column_inner]<div class=\"dt-title-wrapper\"><h1 class=\"section-title\">FOOD SAFETY<\/h1><\/div><div style=\"clear:both; width:100%; height:60px\"><\/div>[\/vc_column_inner][\/vc_row_inner][vc_row_inner][vc_column_inner][vc_column_text]The complete cycle, from the implantation of the coffee tree, to the shipment of the beans, is tracked by the Nucoffee program, created by Syngenta, the world leader in agribusiness.\u00a0This partnership with Caf\u00e9 Granchelli guarantees total transparency, safety and quality throughout the production chain, from cultivation to export shipment to roasters.[\/vc_column_text][\/vc_column_inner][\/vc_row_inner]<div style=\"clear:both; width:100%; height:60px\"><\/div>[vc_row_inner][vc_column_inner width=&#8221;1\/3&#8243;][vc_single_image image=&#8221;303&#8243; img_size=&#8221;full&#8221;][vc_column_text]This integration and traceability allow the world&#8217;s large roasters to check the history of grains in their various stages, adding value to the product and generating new marketing opportunities.[\/vc_column_text][\/vc_column_inner][vc_column_inner width=&#8221;1\/3&#8243;][vc_single_image image=&#8221;556&#8243; img_size=&#8221;full&#8221;][\/vc_column_inner][vc_column_inner width=&#8221;1\/3&#8243;][vc_single_image image=&#8221;518&#8243; img_size=&#8221;full&#8221;][vc_single_image image=&#8221;337&#8243; img_size=&#8221;full&#8221;]<div id=\"modal-trg-txt-wrap-4871\" class=\"ult-modal-input-wrapper ult-adjust-bottom-margin\"><button  data-ultimate-target='#modal-trg-txt-wrap-4871 .btn-modal'  data-responsive-json-new='{\"font-size\":\"\",\"line-height\":\"\"}'  style=\"background:#333333;border-color:#333333;color:#ffffff; \" data-class-id=\"content-69f2001d3714b\" class=\"btn-modal ult-responsive btn-primary btn-modal-block overlay-show  ult-align-center\" data-overlay-class=\"overlay-cornerbottomleft\">Discover the production of Granchelli<\/button><\/div>\n<div class=\"ult-overlay content-69f2001d3714b \" data-class=\"content-69f2001d3714b\" id=\"button-click-overlay\" style=\"background:rgba(51,51,51,0.8); display:none;\">\n\t<div class=\"ult_modal ult-fade ult-container\">\n\t\t<div id=\"ult-modal-wrap-3218\" class=\"ult_modal-content ult-hide\" style=\"border-style:solid;border-width:1px;border-radius:0px;border-color:#333333;\">\n\t\t\t<div class=\"ult_modal-header\" style=\"color:#333333;border-color:#333333;\">\n\t\t\t\t<h3  data-ultimate-target='#ult-modal-wrap-3218 .ult_modal-title'  data-responsive-json-new='{\"font-size\":\"\",\"line-height\":\"\"}'  class=\"ult_modal-title ult-responsive\">Discover the production of Granchelli<\/h3>\n\t\t\t<\/div>\n\t\t\t<div  data-ultimate-target='#ult-modal-wrap-3218 .ult_modal-body'  data-responsive-json-new='{\"font-size\":\"\",\"line-height\":\"\"}'  class=\"ult_modal-body ult-responsive ult-html\" style=\"\">\n\t\t\t<\/p>\n<p style=\"text-align: center;\"><iframe loading=\"lazy\" src=\"https:\/\/nutrace.com.br\/nutrace\/mapas\/fazenda\/4597\" width=\"100%\" height=\"400\"><\/iframe><\/p>\n<p>\n\t\t\t<\/div>\n\t<\/div>\n\t<\/div>\n\t<div class=\"ult-overlay-close\">Close<\/div>\n<\/div>[\/vc_column_inner][\/vc_row_inner][vc_row_inner][vc_column_inner]<div style=\"clear:both; width:100%; height:60px\"><\/div>[vc_single_image image=&#8221;244&#8243; img_size=&#8221;full&#8221; alignment=&#8221;center&#8221;][\/vc_column_inner][\/vc_row_inner][\/vc_column][\/vc_row][vc_row dt_no_mb=&#8221;no-margin&#8221; bg_image=&#8221;106&#8243; bg_color=&#8221;#ffffff&#8221; dt_color_opacity=&#8221;70&#8243; dt_padding_top=&#8221;100&#8243; dt_padding_bottom=&#8221;100&#8243; dt_id=&#8221;responsabilidade&#8221;][vc_column][vc_single_image image=&#8221;307&#8243; img_size=&#8221;full&#8221;][vc_row_inner][vc_column_inner css_animation=&#8221;bottom-to-top&#8221;]<div style=\"clear:both; width:100%; height:60px\"><\/div><div class=\"dt-title-wrapper\"><h1 class=\"section-title\"> SOCIO-ENVIRONMENTAL RESPONSIBILITY<\/h1><\/div><div style=\"clear:both; width:100%; height:60px\"><\/div>[vc_column_text]Caf\u00e9 Granchelli has had, since its foundation, the absolute focus on respect for human beings and the environment that surrounds them.\u00a0Implementing practices, techniques and equipment that preserve nature and the physical and moral integrity of its partners and employees.[\/vc_column_text]<div style=\"clear:both; width:100%; height:60px\"><\/div>[\/vc_column_inner][\/vc_row_inner][vc_row_inner][vc_column_inner width=&#8221;1\/2&#8243;][vc_single_image image=&#8221;310&#8243; img_size=&#8221;full&#8221; alignment=&#8221;center&#8221;][vc_column_text]<\/p>\n<div class=\"wpb_text_column wpb_content_element \">\n<div class=\"wpb_wrapper\">\n<p>GSCA \u2013 Gar\u00e7a Specialty<br \/>\nCoffee Association<\/p>\n<p align=\"justify\">The Association of Specialty Coffee Producers of the Gar\u00e7a Region aims to bring together producers to obtain a greater scale of commercialization and produce a differentiated coffee, which reaches international standards of superior quality.<\/p>\n<p align=\"justify\">A pioneering initiative by Caf\u00e9 Granchelli together with SEBRAE-SP and public authorities, which brings together hundreds of local producers.<\/p>\n<p align=\"justify\">\u201cCaf\u00e9 com RG\u201d is a registered trademark of the association and can only be used for products from the Gar\u00e7a region and of recognized quality.<\/p>\n<p align=\"justify\">It is characterized by an agribusiness action in the coffee production chain in the region, with the objective of promoting the integration of producers, increasing their competitiveness and technical training to operate in an increasingly competitive market.<\/p>\n<p align=\"justify\">It seeks to offer specialty coffees to the market, through responsible management and the adoption of good agricultural and management practices at the different links in the production chain.\u00a0The result is excellent quality coffee combined with production processes with minimal environmental impact, respecting social and cultural aspects, cooperating for the sustainable development of the entire region.<\/p>\n<\/div>\n<\/div>\n<p>[\/vc_column_text]<div id=\"modal-trg-txt-wrap-5228\" class=\"ult-modal-input-wrapper ult-adjust-bottom-margin\"><button  data-ultimate-target='#modal-trg-txt-wrap-5228 .btn-modal'  data-responsive-json-new='{\"font-size\":\"\",\"line-height\":\"\"}'  style=\"background:#333333;border-color:#333333;color:#FFFFFF; \" data-class-id=\"content-69f2001d371fe\" class=\"btn-modal ult-responsive btn-primary btn-modal-block overlay-show  ult-align-center\" data-overlay-class=\"overlay-cornerbottomleft\">Watch the video - Coffee Project with ID<\/button><\/div>\n<div class=\"ult-overlay content-69f2001d371fe \" data-class=\"content-69f2001d371fe\" id=\"button-click-overlay\" style=\"background:rgba(51,51,51,0.8); display:none;\">\n\t<div class=\"ult_modal ult-fade ult-medium\">\n\t\t<div id=\"ult-modal-wrap-3942\" class=\"ult_modal-content ult-hide\" style=\"border-style:solid;border-width:2px;border-radius:0px;border-color:#333333;\">\n\t\t\t<div  data-ultimate-target='#ult-modal-wrap-3942 .ult_modal-body'  data-responsive-json-new='{\"font-size\":\"\",\"line-height\":\"\"}'  class=\"ult_modal-body ult-responsive ult-youtube\" style=\"\">\n\t\t\t<\/p>\n<p style=\"text-align: center;\"><iframe loading=\"lazy\" src=\"https:\/\/www.youtube.com\/embed\/2V7nklJb7ks?rel=0&amp;showinfo=0\" width=\"100%\" height=\"315\" frameborder=\"0\" allowfullscreen=\"allowfullscreen\"><\/iframe><\/p>\n<p>\n\t\t\t<\/div>\n\t<\/div>\n\t<\/div>\n\t<div class=\"ult-overlay-close\">Close<\/div>\n<\/div><div id=\"modal-trg-txt-wrap-7124\" class=\"ult-modal-input-wrapper ult-adjust-bottom-margin\"><button  data-ultimate-target='#modal-trg-txt-wrap-7124 .btn-modal'  data-responsive-json-new='{\"font-size\":\"\",\"line-height\":\"\"}'  style=\"background:#333333;border-color:#333333;color:#FFFFFF; \" data-class-id=\"content-69f2001d3725c\" class=\"btn-modal ult-responsive btn-primary btn-modal-block overlay-show  ult-align-center\" data-overlay-class=\"overlay-cornerbottomleft\">Watch the video - Meeting of the members of the ``coffee with ID project``<\/button><\/div>\n<div class=\"ult-overlay content-69f2001d3725c \" data-class=\"content-69f2001d3725c\" id=\"button-click-overlay\" style=\"background:rgba(51,51,51,0.8); display:none;\">\n\t<div class=\"ult_modal ult-fade ult-medium\">\n\t\t<div id=\"ult-modal-wrap-3653\" class=\"ult_modal-content ult-hide\" style=\"border-style:solid;border-width:2px;border-radius:0px;border-color:#333333;\">\n\t\t\t<div  data-ultimate-target='#ult-modal-wrap-3653 .ult_modal-body'  data-responsive-json-new='{\"font-size\":\"\",\"line-height\":\"\"}'  class=\"ult_modal-body ult-responsive ult-youtube\" style=\"\">\n\t\t\t<\/p>\n<p style=\"text-align: center;\"><iframe loading=\"lazy\" src=\"https:\/\/www.youtube.com\/embed\/vhtA_U0ZYws?rel=0&amp;showinfo=0\" width=\"100%\" height=\"315\" frameborder=\"0\" allowfullscreen=\"allowfullscreen\"><\/iframe><\/p>\n<p>\n\t\t\t<\/div>\n\t<\/div>\n\t<\/div>\n\t<div class=\"ult-overlay-close\">Close<\/div>\n<\/div>[\/vc_column_inner][vc_column_inner width=&#8221;1\/2&#8243;][vc_single_image image=&#8221;311&#8243; img_size=&#8221;full&#8221; alignment=&#8221;center&#8221;][vc_column_text]Association of Rural Producers of the Alto Aguape\u00ed and Peixe Region Once again, Caf\u00e9 Granchelli demonstrates its concern for sustainable development, leading the foundation and managing this association whose main objective is to maintain the ecosystem of the Gar\u00e7a region.\u00a0The Association develops actions for the preservation and recovery of areas comprising two important hydrographic basins in the Gar\u00e7a Region, the Aguape\u00ed River, the Peixe River and their tributaries.\u00a0It works from the preservation of springs, dredging of rivers to the restoration of degraded areas through the planting of native vegetation.\u00a0It represents an important collective action of respect for the environment.\u00a0The process involves the evaluation of specialists, determination of methodologies, isolation, planting and maintenance and permanent monitoring of the restored area.<\/p>\n<p>[\/vc_column_text][vc_btn title=&#8221;read more&#8221; style=&#8221;outline&#8221; shape=&#8221;square&#8221; color=&#8221;white&#8221; link=&#8221;url:https%3A%2F%2Fwww.cafegranchelli.com%2Fen%2Fresponsabilidade%2F||&#8221;][\/vc_column_inner][\/vc_row_inner]<div style=\"clear:both; width:100%; height:40px\"><\/div>[vc_single_image image=&#8221;244&#8243; img_size=&#8221;full&#8221;][\/vc_column][\/vc_row][vc_row dt_text_scheme=&#8221;darker-overlay&#8221; dt_no_mb=&#8221;no-margin&#8221; bg_image=&#8221;113&#8243; bg_color=&#8221;#000000&#8243; dt_color_opacity=&#8221;70&#8243; dt_padding_top=&#8221;100&#8243; dt_padding_bottom=&#8221;100&#8243; dt_id=&#8221;contact&#8221;][vc_column][vc_single_image image=&#8221;314&#8243; img_size=&#8221;full&#8221;][vc_row_inner][vc_column_inner]<div class=\"dt-title-wrapper\"><h1 class=\"section-title\">CONTACT<\/h1><\/div><div style=\"clear:both; width:100%; height:60px\"><\/div>[\/vc_column_inner][\/vc_row_inner][vc_row_inner][vc_column_inner width=&#8221;1\/2&#8243;][vc_single_image image=&#8221;576&#8243; img_size=&#8221;large&#8221; alignment=&#8221;center&#8221;][vc_column_text]<\/p>\n<ul class=\"contact-info\">\n<li><i class=\"fa fa-home\"><\/i>Estrada de Gar\u00e7a, s\/n \u2022 Fazenda Uni\u00e3o \u2022 CEP 17400-000<br \/>\nGar\u00e7a \u2022 S\u00e3o Paulo \u2022 Brasil<\/li>\n<li><i class=\"fa fa-phone\"><\/i>+55 14 3737-1595<\/li>\n<li><i class=\"fa fa-mobile\"><\/i>+55 14 99742-3955<\/li>\n<li><i class=\"fa fa-envelope\"><\/i><a href=\"mailto:cafegranchelli@cafegranchelli.com\">cafegranchelli@cafegranchelli.com<\/a><\/li>\n<\/ul>\n<p>[\/vc_column_text][\/vc_column_inner][vc_column_inner width=&#8221;1\/2&#8243;]\n<div class=\"wpcf7 no-js\" id=\"wpcf7-f659-o3\" lang=\"pt-BR\" dir=\"ltr\">\n<div class=\"screen-reader-response\"><p role=\"status\" aria-live=\"polite\" aria-atomic=\"true\"><\/p> <ul><\/ul><\/div>\n<form action=\"\/en\/wp-json\/wp\/v2\/pages\/82#wpcf7-f659-o3\" method=\"post\" class=\"wpcf7-form init\" aria-label=\"Formul\u00e1rios de contato\" novalidate=\"novalidate\" data-status=\"init\">\n<div style=\"display: none;\">\n<input type=\"hidden\" name=\"_wpcf7\" value=\"659\" \/>\n<input type=\"hidden\" name=\"_wpcf7_version\" value=\"5.9.8\" \/>\n<input type=\"hidden\" name=\"_wpcf7_locale\" value=\"pt_BR\" \/>\n<input type=\"hidden\" name=\"_wpcf7_unit_tag\" value=\"wpcf7-f659-o3\" \/>\n<input type=\"hidden\" name=\"_wpcf7_container_post\" value=\"0\" \/>\n<input type=\"hidden\" name=\"_wpcf7_posted_data_hash\" value=\"\" \/>\n<input type=\"hidden\" name=\"_wpcf7_recaptcha_response\" value=\"\" \/>\n<\/div>\n<p><label> Name<br \/>\n<span class=\"wpcf7-form-control-wrap\" data-name=\"seu-nome\"><input size=\"40\" maxlength=\"400\" class=\"wpcf7-form-control wpcf7-text wpcf7-validates-as-required\" aria-required=\"true\" aria-invalid=\"false\" value=\"\" type=\"text\" name=\"seu-nome\" \/><\/span> <\/label>\n<\/p>\n<p><label> Email<br \/>\n<span class=\"wpcf7-form-control-wrap\" data-name=\"seu-email\"><input size=\"40\" maxlength=\"400\" class=\"wpcf7-form-control wpcf7-email wpcf7-validates-as-required wpcf7-text wpcf7-validates-as-email\" aria-required=\"true\" aria-invalid=\"false\" value=\"\" type=\"email\" name=\"seu-email\" \/><\/span> <\/label>\n<\/p>\n<p><label> Subject<br \/>\n<span class=\"wpcf7-form-control-wrap\" data-name=\"seu-assunto\"><input size=\"40\" maxlength=\"400\" class=\"wpcf7-form-control wpcf7-text\" aria-invalid=\"false\" value=\"\" type=\"text\" name=\"seu-assunto\" \/><\/span> <\/label>\n<\/p>\n<p><label> Phone<br \/>\n<span class=\"wpcf7-form-control-wrap\" data-name=\"tel-279\"><input size=\"40\" maxlength=\"400\" class=\"wpcf7-form-control wpcf7-tel wpcf7-text wpcf7-validates-as-tel\" aria-invalid=\"false\" value=\"\" type=\"tel\" name=\"tel-279\" \/><\/span> <\/label>\n<\/p>\n<p><label> Message<br \/>\n<span class=\"wpcf7-form-control-wrap\" data-name=\"sua-mensagem\"><textarea cols=\"40\" rows=\"10\" maxlength=\"2000\" class=\"wpcf7-form-control wpcf7-textarea\" aria-invalid=\"false\" name=\"sua-mensagem\"><\/textarea><\/span> <\/label>\n<\/p>\n<p><input class=\"wpcf7-form-control wpcf7-submit has-spinner button black\" type=\"submit\" value=\"Send\" \/>\n<\/p><div class=\"wpcf7-response-output\" aria-hidden=\"true\"><\/div>\n<\/form>\n<\/div>\n[\/vc_column_inner][\/vc_row_inner][\/vc_column][\/vc_row]<\/p>","protected":false},"excerpt":{"rendered":"<p>[vc_row dt_no_mb=&#8221;no-margin&#8221; bg_color=&#8221;#ffffff&#8221;][vc_column][rev_slider_vc alias=&#8221;fullscreen-image-slider_en&#8221;][\/vc_column][\/vc_row][vc_row dt_no_mb=&#8221;no-margin&#8221; bg_color=&#8221;#fafafa&#8221; dt_padding_top=&#8221;100&#8243; dt_padding_bottom=&#8221;100&#8243; dt_id=&#8221;about&#8221;][vc_column width=&#8221;1\/6&#8243;][\/vc_column][vc_column width=&#8221;1\/3&#8243;][vc_column_text] Cultivated in the subtropical region of Brazil, with well-defined seasons (rainy summer and dry&#8230;<\/p>\n<p class=\"readmore\"><a class=\"more-btn\" href=\"https:\/\/www.cafegranchelli.com\/en\/\">Read More<\/a><\/p>\n","protected":false},"author":1,"featured_media":0,"parent":0,"menu_order":0,"comment_status":"open","ping_status":"open","template":"template-homepage.php","meta":{"footnotes":""},"_links":{"self":[{"href":"https:\/\/www.cafegranchelli.com\/en\/wp-json\/wp\/v2\/pages\/82"}],"collection":[{"href":"https:\/\/www.cafegranchelli.com\/en\/wp-json\/wp\/v2\/pages"}],"about":[{"href":"https:\/\/www.cafegranchelli.com\/en\/wp-json\/wp\/v2\/types\/page"}],"author":[{"embeddable":true,"href":"https:\/\/www.cafegranchelli.com\/en\/wp-json\/wp\/v2\/users\/1"}],"replies":[{"embeddable":true,"href":"https:\/\/www.cafegranchelli.com\/en\/wp-json\/wp\/v2\/comments?post=82"}],"version-history":[{"count":200,"href":"https:\/\/www.cafegranchelli.com\/en\/wp-json\/wp\/v2\/pages\/82\/revisions"}],"predecessor-version":[{"id":905,"href":"https:\/\/www.cafegranchelli.com\/en\/wp-json\/wp\/v2\/pages\/82\/revisions\/905"}],"wp:attachment":[{"href":"https:\/\/www.cafegranchelli.com\/en\/wp-json\/wp\/v2\/media?parent=82"}],"curies":[{"name":"wp","href":"https:\/\/api.w.org\/{rel}","templated":true}]}}